{"id":35,"date":"2022-11-15T19:33:27","date_gmt":"2022-11-15T19:33:27","guid":{"rendered":"https:\/\/gts-ruestersiel.de\/wordpress\/?page_id=35"},"modified":"2026-05-13T11:12:23","modified_gmt":"2026-05-13T09:12:23","slug":"ferienangebote","status":"publish","type":"page","link":"https:\/\/gts-ruestersiel.de\/wordpress\/ferienangebote\/","title":{"rendered":"Ferienangebote"},"content":{"rendered":"\n<p class=\"has-text-align-center\">An unserer Schule findet in den Ferienzeiten ein Betreuungsangebot \u00fcber die Fima Stark beeindruckend &#8211; Beeindruckend stark statt. Es werden vielseitige Aktivit\u00e4ten angeboten, wie zum Beispiel ein Kreativ Camp, ein Sport und Tanz Camp, \u00dcbernachtungsangebote aber auch f\u00fcr Wissbegierige eine Entdeckertour rund um den R\u00fcstersieler Hafen. An den Angeboten d\u00fcrfen auch nicht Sch\u00fcler*innen der GTS R\u00fcstersiel teilnehmen.<br>Alle weiteren Informationen finden Sie auf der Website der Firma Stark beeindruckend &#8211; Beeindruckend stark:<\/p>\n\n\n\n<p class=\"has-text-align-center\"><a href=\"https:\/\/www.starkbeeindruckend.de\/\" data-type=\"URL\" data-id=\"https:\/\/www.starkbeeindruckend.de\/\">https:\/\/www.starkbeeindruckend.de\/<\/a><\/p>\n\n\n\n<p><\/p>\n\n\n\n<div class=\"wp-block-columns is-layout-flex wp-container-core-columns-is-layout-9d6595d7 wp-block-columns-is-layout-flex\">\n<div class=\"wp-block-column is-layout-flow wp-block-column-is-layout-flow\">\n<figure class=\"wp-block-image size-large is-resized\"><img loading=\"lazy\" decoding=\"async\" width=\"706\" height=\"1024\" src=\"https:\/\/gts-ruestersiel.de\/wordpress\/wp-content\/uploads\/2023\/02\/SB-706x1024.jpg\" alt=\"\" class=\"wp-image-892\" style=\"width:130px;height:188px\" srcset=\"https:\/\/gts-ruestersiel.de\/wordpress\/wp-content\/uploads\/2023\/02\/SB-706x1024.jpg 706w, https:\/\/gts-ruestersiel.de\/wordpress\/wp-content\/uploads\/2023\/02\/SB-207x300.jpg 207w, https:\/\/gts-ruestersiel.de\/wordpress\/wp-content\/uploads\/2023\/02\/SB-768x1113.jpg 768w, https:\/\/gts-ruestersiel.de\/wordpress\/wp-content\/uploads\/2023\/02\/SB-186x270.jpg 186w, https:\/\/gts-ruestersiel.de\/wordpress\/wp-content\/uploads\/2023\/02\/SB-600x870.jpg 600w, https:\/\/gts-ruestersiel.de\/wordpress\/wp-content\/uploads\/2023\/02\/SB.jpg 976w\" sizes=\"auto, (max-width: 706px) 100vw, 706px\" \/><figcaption class=\"wp-element-caption\">Herr Bahr<br>Koordinator Ferienangebote<\/figcaption><\/figure>\n<\/div>\n\n\n\n<div class=\"wp-block-column is-layout-flow wp-block-column-is-layout-flow\">\n<figure class=\"wp-block-image size-large is-resized\"><img loading=\"lazy\" decoding=\"async\" width=\"736\" height=\"1024\" src=\"https:\/\/gts-ruestersiel.de\/wordpress\/wp-content\/uploads\/2023\/02\/Maria-736x1024.jpg\" alt=\"\" class=\"wp-image-894\" style=\"width:136px;height:189px\" srcset=\"https:\/\/gts-ruestersiel.de\/wordpress\/wp-content\/uploads\/2023\/02\/Maria-736x1024.jpg 736w, https:\/\/gts-ruestersiel.de\/wordpress\/wp-content\/uploads\/2023\/02\/Maria-216x300.jpg 216w, https:\/\/gts-ruestersiel.de\/wordpress\/wp-content\/uploads\/2023\/02\/Maria-768x1068.jpg 768w, https:\/\/gts-ruestersiel.de\/wordpress\/wp-content\/uploads\/2023\/02\/Maria-194x270.jpg 194w, https:\/\/gts-ruestersiel.de\/wordpress\/wp-content\/uploads\/2023\/02\/Maria-600x835.jpg 600w, https:\/\/gts-ruestersiel.de\/wordpress\/wp-content\/uploads\/2023\/02\/Maria.jpg 1005w\" sizes=\"auto, (max-width: 736px) 100vw, 736px\" \/><figcaption class=\"wp-element-caption\">Frau Thie\u00dfen<\/figcaption><\/figure>\n<\/div>\n\n\n\n<div class=\"wp-block-column is-layout-flow wp-block-column-is-layout-flow\">\n<figure class=\"wp-block-image size-large is-resized\"><img loading=\"lazy\" decoding=\"async\" width=\"711\" height=\"1024\" src=\"https:\/\/gts-ruestersiel.de\/wordpress\/wp-content\/uploads\/2023\/02\/Imke-711x1024.jpg\" alt=\"\" class=\"wp-image-898\" style=\"width:133px;height:191px\" srcset=\"https:\/\/gts-ruestersiel.de\/wordpress\/wp-content\/uploads\/2023\/02\/Imke-711x1024.jpg 711w, https:\/\/gts-ruestersiel.de\/wordpress\/wp-content\/uploads\/2023\/02\/Imke-208x300.jpg 208w, https:\/\/gts-ruestersiel.de\/wordpress\/wp-content\/uploads\/2023\/02\/Imke-768x1106.jpg 768w, https:\/\/gts-ruestersiel.de\/wordpress\/wp-content\/uploads\/2023\/02\/Imke-187x270.jpg 187w, https:\/\/gts-ruestersiel.de\/wordpress\/wp-content\/uploads\/2023\/02\/Imke-600x864.jpg 600w, https:\/\/gts-ruestersiel.de\/wordpress\/wp-content\/uploads\/2023\/02\/Imke.jpg 983w\" sizes=\"auto, (max-width: 711px) 100vw, 711px\" \/><figcaption class=\"wp-element-caption\">Frau Schwarz<\/figcaption><\/figure>\n<\/div>\n<\/div>\n\n\n\n<figure class=\"wp-block-image size-full\"><img loading=\"lazy\" decoding=\"async\" width=\"619\" height=\"886\" src=\"https:\/\/gts-ruestersiel.de\/wordpress\/wp-content\/uploads\/2026\/01\/WhatsApp-Image-2026-01-08-at-17.56.15.jpeg\" alt=\"\" class=\"wp-image-2065\" srcset=\"https:\/\/gts-ruestersiel.de\/wordpress\/wp-content\/uploads\/2026\/01\/WhatsApp-Image-2026-01-08-at-17.56.15.jpeg 619w, https:\/\/gts-ruestersiel.de\/wordpress\/wp-content\/uploads\/2026\/01\/WhatsApp-Image-2026-01-08-at-17.56.15-210x300.jpeg 210w, https:\/\/gts-ruestersiel.de\/wordpress\/wp-content\/uploads\/2026\/01\/WhatsApp-Image-2026-01-08-at-17.56.15-189x270.jpeg 189w\" sizes=\"auto, (max-width: 619px) 100vw, 619px\" \/><\/figure>\n\n\n\n<p><\/p>\n\n\n\n<hr class=\"wp-block-separator has-alpha-channel-opacity\"\/>\n\n\n\n<p><\/p>\n\n\n\n<p class=\"has-large-font-size\"><\/p>\n\n\n\n<p><\/p>\n","protected":false},"excerpt":{"rendered":"<p>An unserer Schule findet in den Ferienzeiten ein Betreuungsangebot \u00fcber die Fima Stark beeindruckend &#8211; Beeindruckend stark statt. Es werden vielseitige Aktivit\u00e4ten angeboten, wie zum Beispiel ein Kreativ Camp, ein Sport und Tanz Camp, \u00dcbernachtungsangebote aber auch f\u00fcr Wissbegierige eine <a href=\"https:\/\/gts-ruestersiel.de\/wordpress\/ferienangebote\/\" class=\"read-more\">Read More &#8230;<\/a><\/p>\n","protected":false},"author":2,"featured_media":0,"parent":0,"menu_order":0,"comment_status":"closed","ping_status":"closed","template":"","meta":{"footnotes":""},"class_list":["post-35","page","type-page","status-publish","hentry"],"_links":{"self":[{"href":"https:\/\/gts-ruestersiel.de\/wordpress\/wp-json\/wp\/v2\/pages\/35","targetHints":{"allow":["GET"]}}],"collection":[{"href":"https:\/\/gts-ruestersiel.de\/wordpress\/wp-json\/wp\/v2\/pages"}],"about":[{"href":"https:\/\/gts-ruestersiel.de\/wordpress\/wp-json\/wp\/v2\/types\/page"}],"author":[{"embeddable":true,"href":"https:\/\/gts-ruestersiel.de\/wordpress\/wp-json\/wp\/v2\/users\/2"}],"replies":[{"embeddable":true,"href":"https:\/\/gts-ruestersiel.de\/wordpress\/wp-json\/wp\/v2\/comments?post=35"}],"version-history":[{"count":22,"href":"https:\/\/gts-ruestersiel.de\/wordpress\/wp-json\/wp\/v2\/pages\/35\/revisions"}],"predecessor-version":[{"id":2116,"href":"https:\/\/gts-ruestersiel.de\/wordpress\/wp-json\/wp\/v2\/pages\/35\/revisions\/2116"}],"wp:attachment":[{"href":"https:\/\/gts-ruestersiel.de\/wordpress\/wp-json\/wp\/v2\/media?parent=35"}],"curies":[{"name":"wp","href":"https:\/\/api.w.org\/{rel}","templated":true}]}}