{"id":16,"date":"2022-11-15T19:26:38","date_gmt":"2022-11-15T19:26:38","guid":{"rendered":"https:\/\/gts-ruestersiel.de\/wordpress\/?page_id=16"},"modified":"2024-11-04T07:42:15","modified_gmt":"2024-11-04T06:42:15","slug":"ueber-uns","status":"publish","type":"page","link":"https:\/\/gts-ruestersiel.de\/wordpress\/ueber-uns\/","title":{"rendered":"Unsere Schule"},"content":{"rendered":"\n<p class=\"has-text-align-center has-large-font-size\"><strong>Unser Leitbild <\/strong><\/p>\n\n\n\n<p class=\"has-text-align-center\">Wir legen gro\u00dfen Wert auf die individuelle Forderung und F\u00f6rderung entsprechend der St\u00e4rken und Bed\u00fcrfnissen der Sch\u00fclerinnen und Sch\u00fcler. Dabei stehen neben den F\u00e4hig- und Fertigkeiten auch die sozialen und emotionalen Kompetenzen im Fokus. Unsere p\u00e4dagogische Arbeit ist nach folgendem Leitsatz ausgerichtet: <br><\/p>\n\n\n\n<div class=\"wp-block-group is-horizontal is-content-justification-center is-nowrap is-layout-flex wp-container-core-group-is-layout-8dbf8d71 wp-block-group-is-layout-flex\">\n<figure class=\"wp-block-pullquote has-text-color has-background has-normal-font-size wp-container-content-9cfa9a5a\" style=\"border-style:none;border-width:0px;border-radius:100px;color:#ffad1fcc;background-color:#5e80a68f;font-style:normal;font-weight:800\"><blockquote><p>Wir k\u00f6nnen den Wind nicht \u00e4ndern,&nbsp;<br>aber die Segel anders setzen!<\/p><cite>Aristoteles<\/cite><\/blockquote><\/figure>\n<\/div>\n","protected":false},"excerpt":{"rendered":"<p>Unser Leitbild Wir legen gro\u00dfen Wert auf die individuelle Forderung und F\u00f6rderung entsprechend der St\u00e4rken und Bed\u00fcrfnissen der Sch\u00fclerinnen und Sch\u00fcler. Dabei stehen neben den F\u00e4hig- und Fertigkeiten auch die sozialen und emotionalen Kompetenzen im Fokus. Unsere p\u00e4dagogische Arbeit ist <a href=\"https:\/\/gts-ruestersiel.de\/wordpress\/ueber-uns\/\" class=\"read-more\">Read More &#8230;<\/a><\/p>\n","protected":false},"author":2,"featured_media":0,"parent":0,"menu_order":0,"comment_status":"closed","ping_status":"closed","template":"","meta":{"footnotes":""},"class_list":["post-16","page","type-page","status-publish","hentry"],"_links":{"self":[{"href":"https:\/\/gts-ruestersiel.de\/wordpress\/wp-json\/wp\/v2\/pages\/16","targetHints":{"allow":["GET"]}}],"collection":[{"href":"https:\/\/gts-ruestersiel.de\/wordpress\/wp-json\/wp\/v2\/pages"}],"about":[{"href":"https:\/\/gts-ruestersiel.de\/wordpress\/wp-json\/wp\/v2\/types\/page"}],"author":[{"embeddable":true,"href":"https:\/\/gts-ruestersiel.de\/wordpress\/wp-json\/wp\/v2\/users\/2"}],"replies":[{"embeddable":true,"href":"https:\/\/gts-ruestersiel.de\/wordpress\/wp-json\/wp\/v2\/comments?post=16"}],"version-history":[{"count":7,"href":"https:\/\/gts-ruestersiel.de\/wordpress\/wp-json\/wp\/v2\/pages\/16\/revisions"}],"predecessor-version":[{"id":1714,"href":"https:\/\/gts-ruestersiel.de\/wordpress\/wp-json\/wp\/v2\/pages\/16\/revisions\/1714"}],"wp:attachment":[{"href":"https:\/\/gts-ruestersiel.de\/wordpress\/wp-json\/wp\/v2\/media?parent=16"}],"curies":[{"name":"wp","href":"https:\/\/api.w.org\/{rel}","templated":true}]}}